{"id":280,"date":"2026-02-06T11:26:13","date_gmt":"2026-02-06T11:26:13","guid":{"rendered":"https:\/\/swccp.wp.synnnc.com\/terminos-y-condiciones\/"},"modified":"2026-02-17T19:22:16","modified_gmt":"2026-02-17T19:22:16","slug":"terminos-y-condiciones","status":"publish","type":"page","link":"https:\/\/swccarepartners.org\/es\/terminos-y-condiciones\/","title":{"rendered":"T\u00e9rminos y condiciones"},"content":{"rendered":"\n<p><strong>T\u00e9rminos y Condiciones de Uso del Sitio Web<\/strong><\/p>\n\n<p>\u00daltima actualizaci\u00f3n: 17\/02\/26<\/p>\n\n<p>Estos T\u00e9rminos y Condiciones constituyen un acuerdo legalmente vinculante entre usted y Southwest Community Care Partners (SWCCP), relativo a su acceso y uso de este sitio web, y se rigen por la legislaci\u00f3n de Arizona.<\/p>\n\n<p><strong>Aceptaci\u00f3n de los T\u00e9rminos<\/strong><\/p>\n\n<p>Al acceder o utilizar este sitio web y cualquier p\u00e1gina o servicio relacionado (el Sitio), usted acepta quedar vinculado por estos T\u00e9rminos y Condiciones. Si no est\u00e1 de acuerdo con estos T\u00e9rminos, no debe utilizar el Sitio. <\/p>\n\n<p><strong>Modificaciones de los T\u00e9rminos<\/strong><\/p>\n\n<p>Podemos actualizar estos t\u00e9rminos en cualquier momento publicando una versi\u00f3n actualizada en el Sitio y modificando la fecha de \u00ab\u00daltima actualizaci\u00f3n\u00bb en la parte superior. Si contin\u00faa utilizando el sitio despu\u00e9s de que publiquemos cambios, se considerar\u00e1 que ha aceptado los nuevos t\u00e9rminos. <\/p>\n\n<p>[<strong><em>Elegibilidad y Usuarios Destinatarios<\/em><\/strong><\/p>\n\n<p><em>El Sitio est\u00e1 destinado a usuarios que tengan al menos dieciocho a\u00f1os de edad y se encuentren en los Estados Unidos. Al utilizar el Sitio, usted acepta que cumple estos requisitos.] <\/em><\/p>\n\n<p><strong>Sin Asesoramiento Legal o Profesional<\/strong><\/p>\n\n<p>La informaci\u00f3n de este sitio tiene como objetivo educar e informar. No constituye asesoramiento legal, m\u00e9dico ni de otro tipo profesional. Debe consultar con un profesional cualificado sobre su situaci\u00f3n espec\u00edfica. La informaci\u00f3n no est\u00e1 destinada a ser distribuida o utilizada por ninguna persona en ninguna jurisdicci\u00f3n donde dicha distribuci\u00f3n o uso sea contrario a la ley o regulaci\u00f3n, o que nos obligue a cumplir cualquier requisito de registro en esa jurisdicci\u00f3n.   <strong><br\/><\/strong><\/p>\n\n<p><strong>Responsabilidades del Usuario<\/strong><\/p>\n\n<p>Usted acepta no:<\/p>\n\n<p>  \u2022 Utilizar el Sitio con fines il\u00edcitos.<\/p>\n\n<p>  \u2022 Intentar obtener acceso no autorizado a ninguna parte del Sitio o sistemas relacionados.<\/p>\n\n<p>  \u2022 Cargar o transmitir virus, c\u00f3digo malicioso u otro material perjudicial.<\/p>\n\n<p>  \u2022 Utilizar el Sitio de manera que pueda desactivarlo, sobrecargarlo o deteriorarlo.<\/p>\n\n<p>Podemos suspender o cancelar su acceso al Sitio en cualquier momento si infringe estos u otros t\u00e9rminos de este acuerdo.<\/p>\n\n<p><strong>Nuestro Contenido<\/strong><\/p>\n\n<p>La mayor parte de lo que ve en este Sitio (como textos, gr\u00e1ficos, logotipos y recursos) pertenece o est\u00e1 licenciado a SWCCP y est\u00e1 protegido por las leyes de propiedad intelectual aplicables. Puede utilizar nuestro contenido \u00fanicamente con fines personales o no comerciales, siempre que mantenga nuestro nombre y cualquier aviso de derechos de autor en el material, y no modifique el significado de lo que hemos escrito ni tergiverse nuestro trabajo. <\/p>\n\n<p>Si desea utilizar nuestro contenido de otra manera, primero debe solicitar nuestro permiso por escrito para hacerlo.<\/p>\n\n<p><strong>Enlaces a Otros Sitios y Referencias a Otras Organizaciones<\/strong><\/p>\n\n<p>El Sitio puede contener enlaces a sitios web o recursos de otras organizaciones. Incluimos estos enlaces para ser \u00fatiles, pero no controlamos esos sitios y no somos responsables del contenido, productos o servicios en o disponibles en esos sitios. El uso de sitios de terceros es bajo su propio riesgo y puede estar sujeto a sus t\u00e9rminos y pol\u00edticas de privacidad.  <\/p>\n\n<p><strong>Exenciones de Responsabilidad<\/strong><\/p>\n\n<p>Intentamos mantener la informaci\u00f3n de este Sitio precisa y actualizada, pero no garantizamos que siempre sea completa, actual o est\u00e9 libre de errores. El contenido se proporciona sin garant\u00edas de ning\u00fan tipo. <strong><br\/><\/strong><\/p>\n\n<p><strong>Limitaci\u00f3n de Responsabilidad e Indemnizaci\u00f3n<\/strong><\/p>\n\n<p>Si algo sale mal cuando utiliza este sitio, SWCCP, sus directivos, consejeros, empleados y agentes no son responsables de ning\u00fan da\u00f1o indirecto o inesperado que pueda resultar. Usted acepta indemnizar <\/p>\n\n<p><strong>Cont\u00e1ctenos<\/strong><\/p>\n\n<p>Si tiene preguntas sobre estos t\u00e9rminos, puede contactarnos en:<\/p>\n\n<p>  \u2022 <a href=\"https:\/\/swccarepartners.org\/#contact-us-1\">Southwest Community Care Partners &#8211; Cont\u00e1ctenos<\/a><\/p>\n\n<p><\/p>\n","protected":false},"excerpt":{"rendered":"<p>T\u00e9rminos y Condiciones de Uso del Sitio Web \u00daltima actualizaci\u00f3n: 17\/02\/26 Estos T\u00e9rminos y Condiciones constituyen un acuerdo legalmente vinculante entre usted y Southwest Community Care Partners (SWCCP), relativo a su acceso y uso de este sitio web, y se rigen por la legislaci\u00f3n de Arizona. Aceptaci\u00f3n de los T\u00e9rminos Al acceder o utilizar este [&hellip;]<\/p>\n","protected":false},"author":1,"featured_media":0,"parent":0,"menu_order":0,"comment_status":"closed","ping_status":"closed","template":"","meta":{"_acf_changed":false,"inline_featured_image":false,"footnotes":""},"class_list":["post-280","page","type-page","status-publish","hentry"],"acf":[],"_links":{"self":[{"href":"https:\/\/swccarepartners.org\/es\/wp-json\/wp\/v2\/pages\/280","targetHints":{"allow":["GET"]}}],"collection":[{"href":"https:\/\/swccarepartners.org\/es\/wp-json\/wp\/v2\/pages"}],"about":[{"href":"https:\/\/swccarepartners.org\/es\/wp-json\/wp\/v2\/types\/page"}],"author":[{"embeddable":true,"href":"https:\/\/swccarepartners.org\/es\/wp-json\/wp\/v2\/users\/1"}],"replies":[{"embeddable":true,"href":"https:\/\/swccarepartners.org\/es\/wp-json\/wp\/v2\/comments?post=280"}],"version-history":[{"count":0,"href":"https:\/\/swccarepartners.org\/es\/wp-json\/wp\/v2\/pages\/280\/revisions"}],"wp:attachment":[{"href":"https:\/\/swccarepartners.org\/es\/wp-json\/wp\/v2\/media?parent=280"}],"curies":[{"name":"wp","href":"https:\/\/api.w.org\/{rel}","templated":true}]}}