{"id":431,"date":"2026-02-06T12:02:53","date_gmt":"2026-02-06T12:02:53","guid":{"rendered":"https:\/\/swccp.wp.synnnc.com\/politique-de-confidentialite\/"},"modified":"2026-02-17T19:17:20","modified_gmt":"2026-02-17T19:17:20","slug":"politique-de-confidentialite","status":"publish","type":"page","link":"https:\/\/swccarepartners.org\/fr\/politique-de-confidentialite\/","title":{"rendered":"Politique de confidentialit\u00e9"},"content":{"rendered":"\n<p>Derni\u00e8re mise \u00e0 jour : 17\/02\/2026<\/p>\n\n<p><strong>Notre engagement envers votre vie priv\u00e9e<\/strong><\/p>\n\n<p>Southwest Community Care Partners (\u00ab nous \u00bb) respecte votre vie priv\u00e9e et souhaite que vous compreniez quelles informations nous collectons via ce site web et comment nous les utilisons.<\/p>\n\n<p><strong>Quelles informations nous collectons<\/strong><\/p>\n\n<p>Nous collectons deux principaux types d\u2019informations :<\/p>\n\n<p> 1. Informations que vous choisissez de partager.\nLorsque vous remplissez un formulaire de contact, vous inscrivez \u00e0 une newsletter, vous vous inscrivez \u00e0 un \u00e9v\u00e9nement ou nous contactez d\u2019une autre mani\u00e8re, vous pouvez nous communiquer votre nom, votre adresse e-mail, votre num\u00e9ro de t\u00e9l\u00e9phone, votre organisation, ainsi que tout message ou d\u00e9tail que vous choisissez d\u2019inclure.<\/p>\n\n<p>  2. Informations collect\u00e9es automatiquement. Lorsque vous visitez notre site, des informations techniques de base peuvent \u00eatre collect\u00e9es automatiquement, telles que votre adresse IP, le type de navigateur que vous utilisez, les pages que vous consultez et la date et l\u2019heure de votre visite. Ces informations sont g\u00e9n\u00e9ralement collect\u00e9es \u00e0 l\u2019aide de cookies ou d\u2019outils similaires et nous aident \u00e0 comprendre comment les personnes utilisent notre site.  <\/p>\n\n<p><strong>Comment nous utilisons vos informations<\/strong><\/p>\n\n<p>Nous utilisons les informations que nous collectons pour :<\/p>\n\n<p> \u2022 R\u00e9pondre \u00e0 vos questions et demandes.<\/p>\n\n<p> \u2022 Vous envoyer des mises \u00e0 jour, des newsletters ou des informations sur des \u00e9v\u00e9nements auxquels vous vous \u00eates inscrit(e) (vous pouvez vous d\u00e9sabonner \u00e0 tout moment).<\/p>\n\n<p> \u2022 Am\u00e9liorer notre site web et comprendre quel contenu est le plus utile.<\/p>\n\n<p> \u2022 Mener \u00e0 bien notre mission \u00e0 but non lucratif et satisfaire aux exigences l\u00e9gales ou de reporting.<\/p>\n\n<p>Nous ne vendons pas vos informations personnelles.<\/p>\n\n<p><strong>Cookies<\/strong><\/p>\n\n<p>Les cookies aident ce site web \u00e0 m\u00e9moriser certaines informations et \u00e0 comprendre comment les visiteurs utilisent le site. Vous pouvez g\u00e9n\u00e9ralement modifier les param\u00e8tres de votre navigateur pour refuser les cookies, mais certaines parties du site peuvent moins bien fonctionner sans eux. <\/p>\n\n<p><strong>Qui peut voir vos informations<\/strong><\/p>\n\n<p>Nous pouvons partager vos informations dans quelques situations limit\u00e9es :<\/p>\n\n<p> \u2022 Avec des prestataires de services de confiance qui nous aident \u00e0 faire fonctionner le site web ou \u00e0 g\u00e9rer les communications (par exemple, l\u2019h\u00e9bergement du site ou des services de messagerie). Ils ne sont autoris\u00e9s \u00e0 utiliser vos informations que pour aider SWCCP. <\/p>\n\n<p> \u2022 Lorsque la loi l\u2019exige, ou lorsque nous devons prot\u00e9ger nos droits, notre personnel, nos partenaires ou le public.<\/p>\n\n<p><strong>Comment nous prot\u00e9geons vos informations<\/strong><\/p>\n\n<p>Nous utilisons des mesures de s\u00e9curit\u00e9 raisonnables pour prot\u00e9ger les informations personnelles contre la perte, l\u2019utilisation abusive ou l\u2019acc\u00e8s non autoris\u00e9. Toutefois, aucun site web ni syst\u00e8me de messagerie ne peut \u00eatre garanti comme totalement s\u00e9curis\u00e9. <\/p>\n\n<p><strong>Combien de temps nous conservons vos informations<\/strong><\/p>\n\n<p>Nous ne conservons les informations personnelles que pendant la dur\u00e9e raisonnablement n\u00e9cessaire pour r\u00e9aliser les actions d\u00e9crites ci-dessus ou comme l\u2019exige la loi. Nous pouvons conserver plus longtemps des informations non identifiantes ou agr\u00e9g\u00e9es (par exemple, le nombre total de visites du site) afin de mieux comprendre et am\u00e9liorer notre travail. <\/p>\n\n<p><strong>Vos choix<\/strong><\/p>\n\n<p>Vous disposez de certains choix concernant la mani\u00e8re dont nous utilisons vos informations :<\/p>\n\n<p> \u2022 Vous pouvez vous d\u00e9sabonner des newsletters ou d\u2019autres e-mails non essentiels en utilisant le lien pr\u00e9sent dans nos e-mails ou en nous contactant directement.<\/p>\n\n<p> \u2022 Vous pouvez nous demander quelles informations personnelles nous d\u00e9tenons \u00e0 votre sujet et demander des corrections si elles sont inexactes, dans la mesure permise par la loi.<\/p>\n\n<p><strong>Protection de la vie priv\u00e9e des enfants<\/strong><\/p>\n\n<p>Ce site web est destin\u00e9 aux adultes et aux repr\u00e9sentants d\u2019organisations. Il n\u2019est pas con\u00e7u pour les enfants, et <em>nous ne collectons pas sciemment d\u2019informations personnelles aupr\u00e8s d\u2019enfants de moins de 18 ans.<\/em> <\/p>\n\n<p><strong>Autres sites web<\/strong><\/p>\n\n<p>Si vous cliquez sur un lien de notre site qui vous m\u00e8ne vers un autre site web, la politique de confidentialit\u00e9 de ce site s\u2019appliquera, et non la pr\u00e9sente. Nous vous recommandons de lire leur politique avant d\u2019y partager des informations. <\/p>\n\n<p><strong>Mises \u00e0 jour du pr\u00e9sent avis<\/strong><\/p>\n\n<p>Nous pouvons mettre \u00e0 jour le pr\u00e9sent avis de confidentialit\u00e9 de temps \u00e0 autre. Dans ce cas, nous modifierons la date \u00ab Derni\u00e8re mise \u00e0 jour \u00bb en haut de page. Si nous apportons des changements importants, nous pourrons \u00e9galement envoyer un avis suppl\u00e9mentaire.  <\/p>\n\n<p><strong>Nous contacter au sujet de la confidentialit\u00e9<\/strong><\/p>\n\n<p>Si vous avez des questions ou des pr\u00e9occupations concernant le pr\u00e9sent avis de confidentialit\u00e9 ou la mani\u00e8re dont nous traitons les informations personnelles, veuillez contacter :<\/p>\n\n<p>\u2022 <a href=\"https:\/\/swccarepartners.org\/#contact-us-1\">Southwest Community Care Partners &#8211; Nous contacter<\/a><\/p>\n\n<p><\/p>\n","protected":false},"excerpt":{"rendered":"<p>Derni\u00e8re mise \u00e0 jour : 17\/02\/2026 Notre engagement envers votre vie priv\u00e9e Southwest Community Care Partners (\u00ab nous \u00bb) respecte votre vie priv\u00e9e et souhaite que vous compreniez quelles informations nous collectons via ce site web et comment nous les utilisons. Quelles informations nous collectons Nous collectons deux principaux types d\u2019informations : 1. Informations que [&hellip;]<\/p>\n","protected":false},"author":1,"featured_media":0,"parent":0,"menu_order":0,"comment_status":"closed","ping_status":"closed","template":"","meta":{"_acf_changed":false,"inline_featured_image":false,"footnotes":""},"class_list":["post-431","page","type-page","status-publish","hentry"],"acf":[],"_links":{"self":[{"href":"https:\/\/swccarepartners.org\/fr\/wp-json\/wp\/v2\/pages\/431","targetHints":{"allow":["GET"]}}],"collection":[{"href":"https:\/\/swccarepartners.org\/fr\/wp-json\/wp\/v2\/pages"}],"about":[{"href":"https:\/\/swccarepartners.org\/fr\/wp-json\/wp\/v2\/types\/page"}],"author":[{"embeddable":true,"href":"https:\/\/swccarepartners.org\/fr\/wp-json\/wp\/v2\/users\/1"}],"replies":[{"embeddable":true,"href":"https:\/\/swccarepartners.org\/fr\/wp-json\/wp\/v2\/comments?post=431"}],"version-history":[{"count":0,"href":"https:\/\/swccarepartners.org\/fr\/wp-json\/wp\/v2\/pages\/431\/revisions"}],"wp:attachment":[{"href":"https:\/\/swccarepartners.org\/fr\/wp-json\/wp\/v2\/media?parent=431"}],"curies":[{"name":"wp","href":"https:\/\/api.w.org\/{rel}","templated":true}]}}