{"id":273,"date":"2026-02-06T12:02:53","date_gmt":"2026-02-06T12:02:53","guid":{"rendered":"https:\/\/swccp.wp.synnnc.com\/chinh-sach-bao-mat\/"},"modified":"2026-02-17T19:17:20","modified_gmt":"2026-02-17T19:17:20","slug":"chinh-sach-bao-mat","status":"publish","type":"page","link":"https:\/\/swccarepartners.org\/vi\/chinh-sach-bao-mat\/","title":{"rendered":"Ch\u00ednh S\u00e1ch B\u1ea3o M\u1eadt"},"content":{"rendered":"\n<p>C\u1eadp nh\u1eadt l\u1ea7n cu\u1ed1i: 17-02-2026<\/p>\n\n<p><strong>Cam k\u1ebft c\u1ee7a ch\u00fang t\u00f4i \u0111\u1ed1i v\u1edbi quy\u1ec1n ri\u00eang t\u01b0 c\u1ee7a b\u1ea1n<\/strong><\/p>\n\n<p>Southwest Community Care Partners (\u201cCh\u00fang t\u00f4i\u201d) t\u00f4n tr\u1ecdng quy\u1ec1n ri\u00eang t\u01b0 c\u1ee7a b\u1ea1n v\u00e0 mu\u1ed1n b\u1ea1n hi\u1ec3u nh\u1eefng th\u00f4ng tin n\u00e0o ch\u00fang t\u00f4i thu th\u1eadp th\u00f4ng qua trang web n\u00e0y v\u00e0 c\u00e1ch ch\u00fang t\u00f4i s\u1eed d\u1ee5ng ch\u00fang.<\/p>\n\n<p><strong>Th\u00f4ng tin ch\u00fang t\u00f4i thu th\u1eadp<\/strong><\/p>\n\n<p>Ch\u00fang t\u00f4i thu th\u1eadp hai lo\u1ea1i th\u00f4ng tin ch\u00ednh:<\/p>\n\n<p>  1. Th\u00f4ng tin b\u1ea1n ch\u1ecdn chia s\u1ebb. Khi b\u1ea1n \u0111i\u1ec1n v\u00e0o bi\u1ec3u m\u1eabu li\u00ean h\u1ec7, \u0111\u0103ng k\u00fd nh\u1eadn b\u1ea3n tin, \u0111\u0103ng k\u00fd tham gia s\u1ef1 ki\u1ec7n ho\u1eb7c li\u00ean h\u1ec7 v\u1edbi ch\u00fang t\u00f4i b\u1eb1ng c\u00e1ch kh\u00e1c, b\u1ea1n c\u00f3 th\u1ec3 cung c\u1ea5p cho ch\u00fang t\u00f4i t\u00ean, \u0111\u1ecba ch\u1ec9 email, s\u1ed1 \u0111i\u1ec7n tho\u1ea1i, t\u1ed5 ch\u1ee9c v\u00e0 b\u1ea5t k\u1ef3 tin nh\u1eafn ho\u1eb7c chi ti\u1ebft n\u00e0o b\u1ea1n ch\u1ecdn g\u1eedi k\u00e8m.<\/p>\n\n<p>  2. Th\u00f4ng tin \u0111\u01b0\u1ee3c thu th\u1eadp t\u1ef1 \u0111\u1ed9ng. Khi b\u1ea1n truy c\u1eadp trang web c\u1ee7a ch\u00fang t\u00f4i, c\u00e1c th\u00f4ng tin k\u1ef9 thu\u1eadt c\u01a1 b\u1ea3n c\u00f3 th\u1ec3 \u0111\u01b0\u1ee3c thu th\u1eadp t\u1ef1 \u0111\u1ed9ng, ch\u1eb3ng h\u1ea1n nh\u01b0 \u0111\u1ecba ch\u1ec9 IP, lo\u1ea1i tr\u00ecnh duy\u1ec7t b\u1ea1n s\u1eed d\u1ee5ng, c\u00e1c trang b\u1ea1n truy c\u1eadp v\u00e0 th\u1eddi \u0111i\u1ec3m b\u1ea1n truy c\u1eadp ch\u00fang. Th\u00f4ng tin n\u00e0y th\u01b0\u1eddng \u0111\u01b0\u1ee3c thu th\u1eadp b\u1eb1ng c\u00e1ch s\u1eed d\u1ee5ng cookie ho\u1eb7c c\u00e1c c\u00f4ng c\u1ee5 t\u01b0\u01a1ng t\u1ef1 v\u00e0 gi\u00fap ch\u00fang t\u00f4i hi\u1ec3u c\u00e1ch m\u1ecdi ng\u01b0\u1eddi s\u1eed d\u1ee5ng trang web c\u1ee7a m\u00ecnh.  <\/p>\n\n<p><strong>C\u00e1ch ch\u00fang t\u00f4i s\u1eed d\u1ee5ng th\u00f4ng tin c\u1ee7a b\u1ea1n<\/strong><\/p>\n\n<p>Ch\u00fang t\u00f4i s\u1eed d\u1ee5ng th\u00f4ng tin thu th\u1eadp \u0111\u01b0\u1ee3c \u0111\u1ec3:<\/p>\n\n<p>  \u2022 Ph\u1ea3n h\u1ed3i c\u00e1c c\u00e2u h\u1ecfi v\u00e0 y\u00eau c\u1ea7u c\u1ee7a b\u1ea1n.<\/p>\n\n<p>  \u2022 G\u1eedi cho b\u1ea1n c\u00e1c c\u1eadp nh\u1eadt, b\u1ea3n tin ho\u1eb7c th\u00f4ng tin s\u1ef1 ki\u1ec7n m\u00e0 b\u1ea1n \u0111\u00e3 \u0111\u0103ng k\u00fd (b\u1ea1n c\u00f3 th\u1ec3 h\u1ee7y \u0111\u0103ng k\u00fd b\u1ea5t k\u1ef3 l\u00fac n\u00e0o).<\/p>\n\n<p>  \u2022 C\u1ea3i thi\u1ec7n trang web c\u1ee7a ch\u00fang t\u00f4i v\u00e0 hi\u1ec3u n\u1ed9i dung n\u00e0o l\u00e0 h\u1eefu \u00edch nh\u1ea5t.<\/p>\n\n<p>  \u2022 Th\u1ef1c hi\u1ec7n s\u1ee9 m\u1ec7nh phi l\u1ee3i nhu\u1eadn c\u1ee7a ch\u00fang t\u00f4i v\u00e0 \u0111\u00e1p \u1ee9ng c\u00e1c y\u00eau c\u1ea7u ph\u00e1p l\u00fd ho\u1eb7c b\u00e1o c\u00e1o.<\/p>\n\n<p>Ch\u00fang t\u00f4i kh\u00f4ng b\u00e1n th\u00f4ng tin c\u00e1 nh\u00e2n c\u1ee7a b\u1ea1n.<\/p>\n\n<p><strong>Cookie<\/strong><\/p>\n\n<p>Cookie gi\u00fap trang web n\u00e0y ghi nh\u1edb m\u1ed9t s\u1ed1 th\u00f4ng tin nh\u1ea5t \u0111\u1ecbnh v\u00e0 hi\u1ec3u c\u00e1ch kh\u00e1ch truy c\u1eadp s\u1eed d\u1ee5ng trang web. B\u1ea1n th\u01b0\u1eddng c\u00f3 th\u1ec3 thay \u0111\u1ed5i c\u00e0i \u0111\u1eb7t tr\u00ecnh duy\u1ec7t c\u1ee7a m\u00ecnh \u0111\u1ec3 t\u1eeb ch\u1ed1i cookie, nh\u01b0ng m\u1ed9t s\u1ed1 ph\u1ea7n c\u1ee7a trang web c\u00f3 th\u1ec3 kh\u00f4ng ho\u1ea1t \u0111\u1ed9ng t\u1ed1t n\u1ebfu thi\u1ebfu ch\u00fang. <\/p>\n\n<p><strong>Ai c\u00f3 th\u1ec3 xem th\u00f4ng tin c\u1ee7a b\u1ea1n<\/strong><\/p>\n\n<p>Ch\u00fang t\u00f4i c\u00f3 th\u1ec3 chia s\u1ebb th\u00f4ng tin c\u1ee7a b\u1ea1n trong m\u1ed9t s\u1ed1 t\u00ecnh hu\u1ed1ng h\u1ea1n ch\u1ebf:<\/p>\n\n<p>  \u2022 V\u1edbi c\u00e1c nh\u00e0 cung c\u1ea5p d\u1ecbch v\u1ee5 \u0111\u00e1ng tin c\u1eady, nh\u1eefng ng\u01b0\u1eddi gi\u00fap ch\u00fang t\u00f4i v\u1eadn h\u00e0nh trang web ho\u1eb7c qu\u1ea3n l\u00fd th\u00f4ng tin li\u00ean l\u1ea1c (v\u00ed d\u1ee5: d\u1ecbch v\u1ee5 l\u01b0u tr\u1eef trang web ho\u1eb7c d\u1ecbch v\u1ee5 email). H\u1ecd ch\u1ec9 \u0111\u01b0\u1ee3c ph\u00e9p s\u1eed d\u1ee5ng th\u00f4ng tin c\u1ee7a b\u1ea1n \u0111\u1ec3 h\u1ed7 tr\u1ee3 SWCCP. <\/p>\n\n<p>  \u2022 Khi lu\u1eadt ph\u00e1p y\u00eau c\u1ea7u, ho\u1eb7c khi ch\u00fang t\u00f4i c\u1ea7n b\u1ea3o v\u1ec7 quy\u1ec1n l\u1ee3i c\u1ee7a m\u00ecnh, nh\u00e2n vi\u00ean, \u0111\u1ed1i t\u00e1c ho\u1eb7c c\u00f4ng ch\u00fang.<\/p>\n\n<p><strong>C\u00e1ch ch\u00fang t\u00f4i b\u1ea3o v\u1ec7 th\u00f4ng tin c\u1ee7a b\u1ea1n<\/strong><\/p>\n\n<p>Ch\u00fang t\u00f4i s\u1eed d\u1ee5ng c\u00e1c bi\u1ec7n ph\u00e1p b\u1ea3o m\u1eadt h\u1ee3p l\u00fd \u0111\u1ec3 b\u1ea3o v\u1ec7 th\u00f4ng tin c\u00e1 nh\u00e2n kh\u1ecfi b\u1ecb m\u1ea5t m\u00e1t, l\u1ea1m d\u1ee5ng ho\u1eb7c truy c\u1eadp tr\u00e1i ph\u00e9p. Tuy nhi\u00ean, kh\u00f4ng c\u00f3 trang web ho\u1eb7c h\u1ec7 th\u1ed1ng email n\u00e0o c\u00f3 th\u1ec3 \u0111\u01b0\u1ee3c \u0111\u1ea3m b\u1ea3o an to\u00e0n tuy\u1ec7t \u0111\u1ed1i. <\/p>\n\n<p><strong>Th\u1eddi gian ch\u00fang t\u00f4i l\u01b0u gi\u1eef th\u00f4ng tin c\u1ee7a b\u1ea1n<\/strong><\/p>\n\n<p>Ch\u00fang t\u00f4i ch\u1ec9 l\u01b0u gi\u1eef th\u00f4ng tin c\u00e1 nh\u00e2n trong th\u1eddi gian c\u1ea7n thi\u1ebft m\u1ed9t c\u00e1ch h\u1ee3p l\u00fd \u0111\u1ec3 th\u1ef1c hi\u1ec7n c\u00e1c c\u00f4ng vi\u1ec7c \u0111\u01b0\u1ee3c m\u00f4 t\u1ea3 \u1edf tr\u00ean ho\u1eb7c theo y\u00eau c\u1ea7u c\u1ee7a ph\u00e1p lu\u1eadt. Ch\u00fang t\u00f4i c\u00f3 th\u1ec3 l\u01b0u gi\u1eef th\u00f4ng tin kh\u00f4ng \u0111\u1ecbnh danh ho\u1eb7c th\u00f4ng tin t\u1ed5ng h\u1ee3p (v\u00ed d\u1ee5: t\u1ed5ng s\u1ed1 l\u01b0\u1ee3t truy c\u1eadp trang web) l\u00e2u h\u01a1n \u0111\u1ec3 gi\u00fap ch\u00fang t\u00f4i hi\u1ec3u v\u00e0 c\u1ea3i thi\u1ec7n c\u00f4ng vi\u1ec7c c\u1ee7a m\u00ecnh. <\/p>\n\n<p><strong>L\u1ef1a ch\u1ecdn c\u1ee7a b\u1ea1n<\/strong><\/p>\n\n<p>B\u1ea1n c\u00f3 m\u1ed9t s\u1ed1 l\u1ef1a ch\u1ecdn v\u1ec1 c\u00e1ch ch\u00fang t\u00f4i s\u1eed d\u1ee5ng th\u00f4ng tin c\u1ee7a b\u1ea1n:<\/p>\n\n<p>  \u2022 B\u1ea1n c\u00f3 th\u1ec3 h\u1ee7y \u0111\u0103ng k\u00fd nh\u1eadn b\u1ea3n tin ho\u1eb7c c\u00e1c email kh\u00f4ng thi\u1ebft y\u1ebfu kh\u00e1c b\u1eb1ng c\u00e1ch s\u1eed d\u1ee5ng li\u00ean k\u1ebft trong email c\u1ee7a ch\u00fang t\u00f4i ho\u1eb7c li\u00ean h\u1ec7 tr\u1ef1c ti\u1ebfp v\u1edbi ch\u00fang t\u00f4i.<\/p>\n\n<p>  \u2022 B\u1ea1n c\u00f3 th\u1ec3 h\u1ecfi ch\u00fang t\u00f4i v\u1ec1 nh\u1eefng th\u00f4ng tin c\u00e1 nh\u00e2n n\u00e0o ch\u00fang t\u00f4i c\u00f3 v\u1ec1 b\u1ea1n v\u00e0 y\u00eau c\u1ea7u ch\u1ec9nh s\u1eeda n\u1ebfu th\u00f4ng tin \u0111\u00f3 kh\u00f4ng ch\u00ednh x\u00e1c, theo quy \u0111\u1ecbnh c\u1ee7a ph\u00e1p lu\u1eadt.<\/p>\n\n<p><strong>Quy\u1ec1n ri\u00eang t\u01b0 c\u1ee7a tr\u1ebb em<\/strong><\/p>\n\n<p>Trang web n\u00e0y d\u00e0nh cho ng\u01b0\u1eddi l\u1edbn v\u00e0 \u0111\u1ea1i di\u1ec7n c\u1ee7a c\u00e1c t\u1ed5 ch\u1ee9c. N\u00f3 kh\u00f4ng \u0111\u01b0\u1ee3c thi\u1ebft k\u1ebf cho tr\u1ebb em, v\u00e0 <em>ch\u00fang t\u00f4i kh\u00f4ng c\u1ed1 \u00fd thu th\u1eadp th\u00f4ng tin c\u00e1 nh\u00e2n t\u1eeb tr\u1ebb em d\u01b0\u1edbi 18 tu\u1ed5i.<\/em> <\/p>\n\n<p><strong>C\u00e1c trang web kh\u00e1c<\/strong><\/p>\n\n<p>N\u1ebfu b\u1ea1n nh\u1ea5p v\u00e0o m\u1ed9t li\u00ean k\u1ebft tr\u00ean trang web c\u1ee7a ch\u00fang t\u00f4i d\u1eabn \u0111\u1ebfn m\u1ed9t trang web kh\u00e1c, ch\u00ednh s\u00e1ch quy\u1ec1n ri\u00eang t\u01b0 c\u1ee7a trang web \u0111\u00f3 s\u1ebd \u0111\u01b0\u1ee3c \u00e1p d\u1ee5ng, ch\u1ee9 kh\u00f4ng ph\u1ea3i ch\u00ednh s\u00e1ch n\u00e0y. Ch\u00fang t\u00f4i khuy\u00ean b\u1ea1n n\u00ean \u0111\u1ecdc ch\u00ednh s\u00e1ch c\u1ee7a h\u1ecd tr\u01b0\u1edbc khi chia s\u1ebb b\u1ea5t k\u1ef3 th\u00f4ng tin n\u00e0o t\u1ea1i \u0111\u00f3. <\/p>\n\n<p><strong>C\u1eadp nh\u1eadt cho th\u00f4ng b\u00e1o n\u00e0y<\/strong><\/p>\n\n<p>Ch\u00fang t\u00f4i c\u00f3 th\u1ec3 c\u1eadp nh\u1eadt th\u00f4ng b\u00e1o quy\u1ec1n ri\u00eang t\u01b0 n\u00e0y theo th\u1eddi gian. Khi th\u1ef1c hi\u1ec7n, ch\u00fang t\u00f4i s\u1ebd thay \u0111\u1ed5i ng\u00e0y \u201cC\u1eadp nh\u1eadt l\u1ea7n cu\u1ed1i\u201d \u1edf tr\u00ean c\u00f9ng. N\u1ebfu ch\u00fang t\u00f4i th\u1ef1c hi\u1ec7n nh\u1eefng thay \u0111\u1ed5i quan tr\u1ecdng, ch\u00fang t\u00f4i c\u0169ng c\u00f3 th\u1ec3 g\u1eedi m\u1ed9t th\u00f4ng b\u00e1o b\u1ed5 sung.  <\/p>\n\n<p><strong>Li\u00ean h\u1ec7 v\u1edbi ch\u00fang t\u00f4i v\u1ec1 quy\u1ec1n ri\u00eang t\u01b0<\/strong><\/p>\n\n<p>N\u1ebfu b\u1ea1n c\u00f3 th\u1eafc m\u1eafc ho\u1eb7c lo ng\u1ea1i v\u1ec1 th\u00f4ng b\u00e1o quy\u1ec1n ri\u00eang t\u01b0 n\u00e0y ho\u1eb7c c\u00e1ch ch\u00fang t\u00f4i x\u1eed l\u00fd th\u00f4ng tin c\u00e1 nh\u00e2n, vui l\u00f2ng li\u00ean h\u1ec7:<\/p>\n\n<p>\u2022 <a href=\"https:\/\/swccarepartners.org\/#contact-us-1\">Southwest Community Care Partners &#8211; Li\u00ean h\u1ec7 v\u1edbi ch\u00fang t\u00f4i<\/a><\/p>\n\n<p><\/p>\n","protected":false},"excerpt":{"rendered":"<p>C\u1eadp nh\u1eadt l\u1ea7n cu\u1ed1i: 17-02-2026 Cam k\u1ebft c\u1ee7a ch\u00fang t\u00f4i \u0111\u1ed1i v\u1edbi quy\u1ec1n ri\u00eang t\u01b0 c\u1ee7a b\u1ea1n Southwest Community Care Partners (\u201cCh\u00fang t\u00f4i\u201d) t\u00f4n tr\u1ecdng quy\u1ec1n ri\u00eang t\u01b0 c\u1ee7a b\u1ea1n v\u00e0 mu\u1ed1n b\u1ea1n hi\u1ec3u nh\u1eefng th\u00f4ng tin n\u00e0o ch\u00fang t\u00f4i thu th\u1eadp th\u00f4ng qua trang web n\u00e0y v\u00e0 c\u00e1ch ch\u00fang t\u00f4i s\u1eed d\u1ee5ng ch\u00fang. Th\u00f4ng [&hellip;]<\/p>\n","protected":false},"author":1,"featured_media":0,"parent":0,"menu_order":0,"comment_status":"closed","ping_status":"closed","template":"","meta":{"_acf_changed":false,"inline_featured_image":false,"footnotes":""},"class_list":["post-273","page","type-page","status-publish","hentry"],"acf":[],"_links":{"self":[{"href":"https:\/\/swccarepartners.org\/vi\/wp-json\/wp\/v2\/pages\/273","targetHints":{"allow":["GET"]}}],"collection":[{"href":"https:\/\/swccarepartners.org\/vi\/wp-json\/wp\/v2\/pages"}],"about":[{"href":"https:\/\/swccarepartners.org\/vi\/wp-json\/wp\/v2\/types\/page"}],"author":[{"embeddable":true,"href":"https:\/\/swccarepartners.org\/vi\/wp-json\/wp\/v2\/users\/1"}],"replies":[{"embeddable":true,"href":"https:\/\/swccarepartners.org\/vi\/wp-json\/wp\/v2\/comments?post=273"}],"version-history":[{"count":0,"href":"https:\/\/swccarepartners.org\/vi\/wp-json\/wp\/v2\/pages\/273\/revisions"}],"wp:attachment":[{"href":"https:\/\/swccarepartners.org\/vi\/wp-json\/wp\/v2\/media?parent=273"}],"curies":[{"name":"wp","href":"https:\/\/api.w.org\/{rel}","templated":true}]}}