{"id":275,"date":"2026-02-06T11:26:13","date_gmt":"2026-02-06T11:26:13","guid":{"rendered":"https:\/\/swccp.wp.synnnc.com\/dieu-khoan-va-dieu-kien\/"},"modified":"2026-02-17T19:22:16","modified_gmt":"2026-02-17T19:22:16","slug":"dieu-khoan-va-dieu-kien","status":"publish","type":"page","link":"https:\/\/swccarepartners.org\/vi\/dieu-khoan-va-dieu-kien\/","title":{"rendered":"\u0110i\u1ec1u kho\u1ea3n v\u00e0 \u0110i\u1ec1u ki\u1ec7n"},"content":{"rendered":"\n<p><strong>\u0110i\u1ec1u kho\u1ea3n v\u00e0 \u0110i\u1ec1u ki\u1ec7n S\u1eed d\u1ee5ng Trang web<\/strong><\/p>\n\n<p>C\u1eadp nh\u1eadt l\u1ea7n cu\u1ed1i: 17-02-2026<\/p>\n\n<p>C\u00e1c \u0110i\u1ec1u kho\u1ea3n v\u00e0 \u0110i\u1ec1u ki\u1ec7n n\u00e0y c\u1ea5u th\u00e0nh m\u1ed9t th\u1ecfa thu\u1eadn c\u00f3 t\u00ednh r\u00e0ng bu\u1ed9c ph\u00e1p l\u00fd gi\u1eefa b\u1ea1n v\u00e0 Southwest Community Care Partners (SWCCP), li\u00ean quan \u0111\u1ebfn vi\u1ec7c b\u1ea1n truy c\u1eadp v\u00e0 s\u1eed d\u1ee5ng trang web n\u00e0y, v\u00e0 \u0111\u01b0\u1ee3c \u0111i\u1ec1u ch\u1ec9nh b\u1edfi lu\u1eadt ph\u00e1p bang Arizona.<\/p>\n\n<p><strong>Ch\u1ea5p thu\u1eadn c\u00e1c \u0110i\u1ec1u kho\u1ea3n<\/strong><\/p>\n\n<p>B\u1eb1ng c\u00e1ch truy c\u1eadp ho\u1eb7c s\u1eed d\u1ee5ng trang web n\u00e0y v\u00e0 b\u1ea5t k\u1ef3 trang ho\u1eb7c d\u1ecbch v\u1ee5 li\u00ean quan n\u00e0o (Trang web), b\u1ea1n \u0111\u1ed3ng \u00fd ch\u1ecbu s\u1ef1 r\u00e0ng bu\u1ed9c c\u1ee7a c\u00e1c \u0110i\u1ec1u kho\u1ea3n v\u00e0 \u0110i\u1ec1u ki\u1ec7n n\u00e0y. N\u1ebfu b\u1ea1n kh\u00f4ng \u0111\u1ed3ng \u00fd v\u1edbi c\u00e1c \u0110i\u1ec1u kho\u1ea3n n\u00e0y, b\u1ea1n kh\u00f4ng \u0111\u01b0\u1ee3c s\u1eed d\u1ee5ng Trang web. <\/p>\n\n<p><strong>Thay \u0111\u1ed5i \u0110i\u1ec1u kho\u1ea3n<\/strong><\/p>\n\n<p>Ch\u00fang t\u00f4i c\u00f3 th\u1ec3 c\u1eadp nh\u1eadt c\u00e1c \u0111i\u1ec1u kho\u1ea3n n\u00e0y b\u1ea5t c\u1ee9 l\u00fac n\u00e0o b\u1eb1ng c\u00e1ch \u0111\u0103ng phi\u00ean b\u1ea3n c\u1eadp nh\u1eadt tr\u00ean Trang web v\u00e0 thay \u0111\u1ed5i ng\u00e0y \u201cC\u1eadp nh\u1eadt l\u1ea7n cu\u1ed1i\u201d \u1edf tr\u00ean c\u00f9ng. N\u1ebfu b\u1ea1n ti\u1ebfp t\u1ee5c s\u1eed d\u1ee5ng trang web sau khi ch\u00fang t\u00f4i \u0111\u0103ng c\u00e1c thay \u0111\u1ed5i, b\u1ea1n \u0111\u01b0\u1ee3c coi l\u00e0 \u0111\u00e3 ch\u1ea5p nh\u1eadn c\u00e1c \u0111i\u1ec1u kho\u1ea3n m\u1edbi. <\/p>\n\n<p>[<strong><em>T\u00ednh \u0111\u1ee7 \u0111i\u1ec1u ki\u1ec7n v\u00e0 Ng\u01b0\u1eddi d\u00f9ng D\u1ef1 ki\u1ebfn<\/em><\/strong><\/p>\n\n<p><em>Trang web d\u00e0nh cho ng\u01b0\u1eddi d\u00f9ng \u00edt nh\u1ea5t m\u01b0\u1eddi t\u00e1m tu\u1ed5i v\u00e0 \u0111ang \u1edf Hoa K\u1ef3. B\u1eb1ng c\u00e1ch s\u1eed d\u1ee5ng Trang web, b\u1ea1n \u0111\u1ed3ng \u00fd r\u1eb1ng b\u1ea1n \u0111\u00e1p \u1ee9ng c\u00e1c y\u00eau c\u1ea7u n\u00e0y.] <\/em><\/p>\n\n<p><strong>Kh\u00f4ng ph\u1ea3i L\u1eddi khuy\u00ean Ph\u00e1p l\u00fd hay Chuy\u00ean m\u00f4n<\/strong><\/p>\n\n<p>Th\u00f4ng tin tr\u00ean trang web n\u00e0y nh\u1eb1m m\u1ee5c \u0111\u00edch gi\u00e1o d\u1ee5c v\u00e0 cung c\u1ea5p th\u00f4ng tin. \u0110\u00e2y kh\u00f4ng ph\u1ea3i l\u00e0 l\u1eddi khuy\u00ean ph\u00e1p l\u00fd, y t\u1ebf ho\u1eb7c chuy\u00ean m\u00f4n kh\u00e1c. B\u1ea1n n\u00ean trao \u0111\u1ed5i v\u1edbi m\u1ed9t chuy\u00ean gia c\u00f3 tr\u00ecnh \u0111\u1ed9 v\u1ec1 t\u00ecnh hu\u1ed1ng c\u1ee5 th\u1ec3 c\u1ee7a m\u00ecnh. Th\u00f4ng tin n\u00e0y kh\u00f4ng nh\u1eb1m m\u1ee5c \u0111\u00edch ph\u00e2n ph\u1ed1i ho\u1eb7c s\u1eed d\u1ee5ng b\u1edfi b\u1ea5t k\u1ef3 c\u00e1 nh\u00e2n n\u00e0o t\u1ea1i b\u1ea5t k\u1ef3 khu v\u1ef1c t\u00e0i ph\u00e1n n\u00e0o m\u00e0 vi\u1ec7c ph\u00e2n ph\u1ed1i ho\u1eb7c s\u1eed d\u1ee5ng \u0111\u00f3 tr\u00e1i v\u1edbi lu\u1eadt ph\u00e1p ho\u1eb7c quy \u0111\u1ecbnh, ho\u1eb7c s\u1ebd khi\u1ebfn ch\u00fang t\u00f4i ph\u1ea3i tu\u00e2n th\u1ee7 b\u1ea5t k\u1ef3 y\u00eau c\u1ea7u \u0111\u0103ng k\u00fd n\u00e0o t\u1ea1i khu v\u1ef1c t\u00e0i ph\u00e1n \u0111\u00f3.   <strong><br\/><\/strong><\/p>\n\n<p><strong>Tr\u00e1ch nhi\u1ec7m c\u1ee7a Ng\u01b0\u1eddi d\u00f9ng<\/strong><\/p>\n\n<p>B\u1ea1n \u0111\u1ed3ng \u00fd kh\u00f4ng:<\/p>\n\n<p>  \u2022 S\u1eed d\u1ee5ng Trang web cho b\u1ea5t k\u1ef3 m\u1ee5c \u0111\u00edch b\u1ea5t h\u1ee3p ph\u00e1p n\u00e0o.<\/p>\n\n<p>  \u2022 C\u1ed1 g\u1eafng truy c\u1eadp tr\u00e1i ph\u00e9p v\u00e0o b\u1ea5t k\u1ef3 ph\u1ea7n n\u00e0o c\u1ee7a Trang web ho\u1eb7c c\u00e1c h\u1ec7 th\u1ed1ng li\u00ean quan.<\/p>\n\n<p>  \u2022 T\u1ea3i l\u00ean ho\u1eb7c truy\u1ec1n t\u1ea3i virus, m\u00e3 \u0111\u1ed9c ho\u1eb7c c\u00e1c t\u00e0i li\u1ec7u c\u00f3 h\u1ea1i kh\u00e1c.<\/p>\n\n<p>  \u2022 S\u1eed d\u1ee5ng Trang web theo c\u00e1ch c\u00f3 th\u1ec3 l\u00e0m v\u00f4 hi\u1ec7u h\u00f3a, g\u00e2y qu\u00e1 t\u1ea3i ho\u1eb7c l\u00e0m suy y\u1ebfu Trang web.<\/p>\n\n<p>Ch\u00fang t\u00f4i c\u00f3 th\u1ec3 t\u1ea1m d\u1eebng ho\u1eb7c ch\u1ea5m d\u1ee9t quy\u1ec1n truy c\u1eadp c\u1ee7a b\u1ea1n v\u00e0o Trang web b\u1ea5t c\u1ee9 l\u00fac n\u00e0o n\u1ebfu b\u1ea1n vi ph\u1ea1m c\u00e1c \u0111i\u1ec1u kho\u1ea3n n\u00e0y ho\u1eb7c c\u00e1c \u0111i\u1ec1u kho\u1ea3n kh\u00e1c c\u1ee7a th\u1ecfa thu\u1eadn n\u00e0y.<\/p>\n\n<p><strong>N\u1ed9i dung c\u1ee7a Ch\u00fang t\u00f4i<\/strong><\/p>\n\n<p>H\u1ea7u h\u1ebft nh\u1eefng g\u00ec b\u1ea1n th\u1ea5y tr\u00ean Trang web n\u00e0y (ch\u1eb3ng h\u1ea1n nh\u01b0 v\u0103n b\u1ea3n, \u0111\u1ed3 h\u1ecda, logo v\u00e0 t\u00e0i nguy\u00ean) thu\u1ed9c s\u1edf h\u1eefu ho\u1eb7c \u0111\u01b0\u1ee3c c\u1ea5p ph\u00e9p cho SWCCP v\u00e0 \u0111\u01b0\u1ee3c b\u1ea3o v\u1ec7 b\u1edfi lu\u1eadt s\u1edf h\u1eefu tr\u00ed tu\u1ec7 hi\u1ec7n h\u00e0nh. B\u1ea1n ch\u1ec9 c\u00f3 th\u1ec3 s\u1eed d\u1ee5ng n\u1ed9i dung c\u1ee7a ch\u00fang t\u00f4i cho m\u1ee5c \u0111\u00edch c\u00e1 nh\u00e2n ho\u1eb7c phi th\u01b0\u01a1ng m\u1ea1i, v\u1edbi \u0111i\u1ec1u ki\u1ec7n b\u1ea1n ph\u1ea3i gi\u1eef nguy\u00ean t\u00ean c\u1ee7a ch\u00fang t\u00f4i v\u00e0 b\u1ea5t k\u1ef3 th\u00f4ng b\u00e1o b\u1ea3n quy\u1ec1n n\u00e0o tr\u00ean t\u00e0i li\u1ec7u, \u0111\u1ed3ng th\u1eddi kh\u00f4ng thay \u0111\u1ed5i \u00fd ngh\u0129a c\u1ee7a nh\u1eefng g\u00ec ch\u00fang t\u00f4i \u0111\u00e3 vi\u1ebft ho\u1eb7c tr\u00ecnh b\u00e0y sai v\u1ec1 c\u00f4ng vi\u1ec7c c\u1ee7a ch\u00fang t\u00f4i. <\/p>\n\n<p>N\u1ebfu b\u1ea1n mu\u1ed1n s\u1eed d\u1ee5ng n\u1ed9i dung c\u1ee7a ch\u00fang t\u00f4i theo c\u00e1ch kh\u00e1c, tr\u01b0\u1edbc ti\u00ean b\u1ea1n ph\u1ea3i xin ph\u00e9p b\u1eb1ng v\u0103n b\u1ea3n c\u1ee7a ch\u00fang t\u00f4i \u0111\u1ec3 th\u1ef1c hi\u1ec7n vi\u1ec7c \u0111\u00f3.<\/p>\n\n<p><strong>Li\u00ean k\u1ebft \u0111\u1ebfn c\u00e1c Trang web kh\u00e1c v\u00e0 Tham chi\u1ebfu \u0111\u1ebfn c\u00e1c T\u1ed5 ch\u1ee9c kh\u00e1c<\/strong><\/p>\n\n<p>Trang web c\u00f3 th\u1ec3 ch\u1ee9a c\u00e1c li\u00ean k\u1ebft \u0111\u1ebfn trang web ho\u1eb7c t\u00e0i nguy\u00ean c\u1ee7a c\u00e1c t\u1ed5 ch\u1ee9c kh\u00e1c. Ch\u00fang t\u00f4i \u0111\u01b0a c\u00e1c li\u00ean k\u1ebft n\u00e0y v\u00e0o \u0111\u1ec3 h\u1ed7 tr\u1ee3, nh\u01b0ng ch\u00fang t\u00f4i kh\u00f4ng ki\u1ec3m so\u00e1t c\u00e1c trang web \u0111\u00f3 v\u00e0 kh\u00f4ng ch\u1ecbu tr\u00e1ch nhi\u1ec7m v\u1ec1 n\u1ed9i dung, s\u1ea3n ph\u1ea9m ho\u1eb7c d\u1ecbch v\u1ee5 c\u00f3 tr\u00ean ho\u1eb7c c\u00f3 s\u1eb5n tr\u00ean c\u00e1c trang web \u0111\u00f3. Vi\u1ec7c b\u1ea1n s\u1eed d\u1ee5ng c\u00e1c trang web c\u1ee7a b\u00ean th\u1ee9 ba l\u00e0 r\u1ee7i ro c\u1ee7a ri\u00eang b\u1ea1n v\u00e0 c\u00f3 th\u1ec3 ph\u1ea3i tu\u00e2n theo c\u00e1c \u0111i\u1ec1u kho\u1ea3n v\u00e0 ch\u00ednh s\u00e1ch quy\u1ec1n ri\u00eang t\u01b0 c\u1ee7a h\u1ecd.  <\/p>\n\n<p><strong>Tuy\u00ean b\u1ed1 mi\u1ec5n tr\u1eeb tr\u00e1ch nhi\u1ec7m<\/strong><\/p>\n\n<p>Ch\u00fang t\u00f4i c\u1ed1 g\u1eafng gi\u1eef cho th\u00f4ng tin tr\u00ean Trang web n\u00e0y ch\u00ednh x\u00e1c v\u00e0 c\u1eadp nh\u1eadt, nh\u01b0ng ch\u00fang t\u00f4i kh\u00f4ng h\u1ee9a r\u1eb1ng th\u00f4ng tin \u0111\u00f3 s\u1ebd lu\u00f4n \u0111\u1ea7y \u0111\u1ee7, hi\u1ec7n h\u00e0nh ho\u1eb7c kh\u00f4ng c\u00f3 l\u1ed7i. N\u1ed9i dung \u0111\u01b0\u1ee3c cung c\u1ea5p m\u00e0 kh\u00f4ng c\u00f3 b\u1ea5t k\u1ef3 h\u00ecnh th\u1ee9c b\u1ea3o \u0111\u1ea3m n\u00e0o. <strong><br\/><\/strong><\/p>\n\n<p><strong>Gi\u1edbi h\u1ea1n Tr\u00e1ch nhi\u1ec7m v\u00e0 B\u1ed3i th\u01b0\u1eddng<\/strong><\/p>\n\n<p>N\u1ebfu c\u00f3 s\u1ef1 c\u1ed1 x\u1ea3y ra khi b\u1ea1n s\u1eed d\u1ee5ng trang web n\u00e0y, SWCCP, c\u00e1c c\u00e1n b\u1ed9, gi\u00e1m \u0111\u1ed1c, nh\u00e2n vi\u00ean v\u00e0 \u0111\u1ea1i l\u00fd c\u1ee7a SWCCP kh\u00f4ng ch\u1ecbu tr\u00e1ch nhi\u1ec7m cho b\u1ea5t k\u1ef3 thi\u1ec7t h\u1ea1i gi\u00e1n ti\u1ebfp ho\u1eb7c ngo\u00e0i d\u1ef1 ki\u1ebfn n\u00e0o c\u00f3 th\u1ec3 x\u1ea3y ra. B\u1ea1n \u0111\u1ed3ng \u00fd b\u1ed3i th\u01b0\u1eddng <\/p>\n\n<p><strong>Li\u00ean h\u1ec7<\/strong><\/p>\n\n<p>N\u1ebfu b\u1ea1n c\u00f3 th\u1eafc m\u1eafc v\u1ec1 c\u00e1c \u0111i\u1ec1u kho\u1ea3n n\u00e0y, b\u1ea1n c\u00f3 th\u1ec3 li\u00ean h\u1ec7 v\u1edbi ch\u00fang t\u00f4i t\u1ea1i:<\/p>\n\n<p>  \u2022 <a href=\"https:\/\/swccarepartners.org\/#contact-us-1\">Southwest Community Care Partners &#8211; Li\u00ean h\u1ec7 v\u1edbi Ch\u00fang t\u00f4i<\/a><\/p>\n\n<p><\/p>\n","protected":false},"excerpt":{"rendered":"<p>\u0110i\u1ec1u kho\u1ea3n v\u00e0 \u0110i\u1ec1u ki\u1ec7n S\u1eed d\u1ee5ng Trang web C\u1eadp nh\u1eadt l\u1ea7n cu\u1ed1i: 17-02-2026 C\u00e1c \u0110i\u1ec1u kho\u1ea3n v\u00e0 \u0110i\u1ec1u ki\u1ec7n n\u00e0y c\u1ea5u th\u00e0nh m\u1ed9t th\u1ecfa thu\u1eadn c\u00f3 t\u00ednh r\u00e0ng bu\u1ed9c ph\u00e1p l\u00fd gi\u1eefa b\u1ea1n v\u00e0 Southwest Community Care Partners (SWCCP), li\u00ean quan \u0111\u1ebfn vi\u1ec7c b\u1ea1n truy c\u1eadp v\u00e0 s\u1eed d\u1ee5ng trang web n\u00e0y, v\u00e0 \u0111\u01b0\u1ee3c [&hellip;]<\/p>\n","protected":false},"author":1,"featured_media":0,"parent":0,"menu_order":0,"comment_status":"closed","ping_status":"closed","template":"","meta":{"_acf_changed":false,"inline_featured_image":false,"footnotes":""},"class_list":["post-275","page","type-page","status-publish","hentry"],"acf":[],"_links":{"self":[{"href":"https:\/\/swccarepartners.org\/vi\/wp-json\/wp\/v2\/pages\/275","targetHints":{"allow":["GET"]}}],"collection":[{"href":"https:\/\/swccarepartners.org\/vi\/wp-json\/wp\/v2\/pages"}],"about":[{"href":"https:\/\/swccarepartners.org\/vi\/wp-json\/wp\/v2\/types\/page"}],"author":[{"embeddable":true,"href":"https:\/\/swccarepartners.org\/vi\/wp-json\/wp\/v2\/users\/1"}],"replies":[{"embeddable":true,"href":"https:\/\/swccarepartners.org\/vi\/wp-json\/wp\/v2\/comments?post=275"}],"version-history":[{"count":0,"href":"https:\/\/swccarepartners.org\/vi\/wp-json\/wp\/v2\/pages\/275\/revisions"}],"wp:attachment":[{"href":"https:\/\/swccarepartners.org\/vi\/wp-json\/wp\/v2\/media?parent=275"}],"curies":[{"name":"wp","href":"https:\/\/api.w.org\/{rel}","templated":true}]}}